{"id":4,"date":"2018-04-05T09:52:34","date_gmt":"2018-04-05T09:52:34","guid":{"rendered":"http:\/\/rizwanprofile.rktechs.io\/stage\/?page_id=4"},"modified":"2024-11-06T16:22:51","modified_gmt":"2024-11-06T16:22:51","slug":"about-me","status":"publish","type":"page","link":"https:\/\/rizwanprofile.rktechs.io\/stage\/","title":{"rendered":"\u00dcber mich"},"content":{"rendered":"<section class=\"fw-main-row \">\n<div class=\"fw-container\">\n<div class=\"row\">\n<div class=\" col-xs-12 col-sm-12 \">\n<div id=\"col_inner_id-640caa830b54e\" class=\"fw-col-inner\" data-paddings=\"0px 0px 0px 0px\">\n<div class=\"block-title\">\n<h3>Meine T\u00e4tigkeit umfasst<\/h3>\n<\/div>\n<\/div>\n<\/div>\n<\/div>\n<div class=\"row\">\n<div class=\" col-xs-12 col-sm-6 \">\n<div id=\"col_inner_id-640caa830b633\" class=\"fw-col-inner\" data-paddings=\"0px 0px 0px 0px\">\n<div id=\"info-list-640caa830b6e2\" class=\"info-list-w-icon\">\n<div id=\"info_block_with_icon_993457f972a97f6e825dc5a09ab761b6\" class=\"info-block-w-icon\" data-color=\"#888\">\n<div class=\"ci-icon\"><\/div>\n<div class=\"ci-text\">\n<h4>Entrepreneurship<\/h4>\n<p>Als vision\u00e4rer Systemingenieur mit ausgepr\u00e4gtem unternehmerischem Denken bringe ich nicht nur technisches Know-how, sondern auch einen scharfen Sinn f\u00fcr Gesch\u00e4ftsprozesse mit. Meine St\u00e4rke liegt darin, komplexe gesch\u00e4ftliche Herausforderungen zu identifizieren und innovative L\u00f6sungen zu entwickeln, die nachweislich positive Ergebnisse erzielen. Mit einem klaren Blick f\u00fcr das gro\u00dfe Ganze entwerfe ich langfristige Strategien, die ich mit zielgerichteten Ma\u00dfnahmen erfolgreich in die Tat umsetze. Diese F\u00e4higkeiten erm\u00f6glichten es mir, f\u00fchrende Rollen in Projektteams zu \u00fcbernehmen und eine effektive Zusammenarbeit zwischen verschiedenen Abteilungen zu f\u00f6rdern. Meine unternehmerische Ader und mein Engagement f\u00fcr Exzellenz treiben mich an, stets das Beste f\u00fcr das Unternehmen zu erreichen.<\/p>\n<\/div>\n<\/div>\n<div id=\"info_block_with_icon_fbb0de998a9dd8b28923839414c06c4c\" class=\"info-block-w-icon\" data-color=\"#888\">\n<div class=\"ci-icon\"><\/div>\n<div class=\"ci-text\">\n<h4>Project Manager<\/h4>\n<p>Mit langj\u00e4hriger Erfahrung als Projektmanager besitze ich ein umfassendes Set an Kompetenzen, die es mir erm\u00f6glichen, komplexe Projekte von der Idee bis zur erfolgreichen Umsetzung zu f\u00fchren. Mein Fachwissen erstreckt sich \u00fcber alle Phasen der Projektrealisierung \u2013 von der detaillierten Planung und Budgetierung \u00fcber das Ressourcenmanagement bis hin zur Risikobewertung. Ein Schl\u00fcsselfaktor meines Erfolges ist die effektive Kommunikation: Ich stelle sicher, dass alle Projektbeteiligten stets klar und transparent informiert sind, was entscheidend ist, um die unterschiedlichen Interessenlagen erfolgreich zu integrieren und die Projektziele zu erreichen. Mein Ziel ist es stets, durch pr\u00e4zise Koordination und strategische Weitsicht, Projekte nicht nur termingerecht, sondern auch budgetkonform abzuschlie\u00dfen.<\/p>\n<\/div>\n<\/div>\n<div id=\"info_block_with_icon_f23dca032ae8978f938f5e4bd1235083\" class=\"info-block-w-icon\" data-color=\"#888\">\n<div class=\"ci-icon\"><\/div>\n<div class=\"ci-text\">\n<h4>Business Analyst | Product Owner<\/h4>\n<p>Als versierter Business Analyst und Product Owner bringe ich eine tiefgreifende Expertise in der Ermittlung und Definition von Gesch\u00e4ftsanforderungen sowie in der Produktentwicklung mit, die genau auf die Bed\u00fcrfnisse unserer Kunden zugeschnitten sind. Meine ausgepr\u00e4gte F\u00e4higkeit zur Zusammenarbeit mit funktions\u00fcbergreifenden Teams erm\u00f6glicht es mir, den gesamten Produktlebenszyklus effektiv zu steuern und Produkte erfolgreich am Markt zu etablieren. Als Unternehmer mit praktischer Erfahrung in der Eigenentwicklung einer App in den letzten zwei Jahren, verf\u00fcge ich \u00fcber das notwendige Know-how und die Entschlossenheit, um Projekte von der Idee bis zur Markteinf\u00fchrung voranzutreiben. Ich kenne die entscheidenden Schritte, um vision\u00e4re Ideen realit\u00e4tsgerecht umzusetzen und sie zum richtigen Zeitpunkt auf den Markt zu bringen.<\/p>\n<\/div>\n<\/div>\n<\/div>\n<\/div>\n<\/div>\n<div class=\" col-xs-12 col-sm-6 \">\n<div id=\"col_inner_id-640caa830b79e\" class=\"fw-col-inner\" data-paddings=\"0px 0px 0px 0px\">\n<div id=\"info-list-640caa830b82d\" class=\"info-list-w-icon\">\n<div id=\"info_block_with_icon_cbbc55330dd3f34b0a61e1d62a4938d2\" class=\"info-block-w-icon\" data-color=\"#888\">\n<div class=\"ci-icon\"><\/div>\n<div class=\"ci-text\">\n<h4>Senior Systemengineer<\/h4>\n<p>Mit umfassender Erfahrung als Systemingenieur beherrsche ich komplexe technische Disziplinen wie Netzwerkdesign, Serveradministration, Datenbanksysteme und IT-Sicherheit. Mein technisches Verst\u00e4ndnis erm\u00f6glicht es mir, anspruchsvolle Probleme zu analysieren und innovative L\u00f6sungen zu implementieren, die die Effizienz und Sicherheit der Systeme gew\u00e4hrleisten. Die kontinuierliche Weiterbildung ist f\u00fcr mich von zentraler Bedeutung; sie bef\u00e4higt mich, neueste Technologien z\u00fcgig zu adaptieren und in bestehende sowie neue Arbeitsprozesse erfolgreich zu integrieren. Durch diese stetige Anpassungsf\u00e4higkeit und mein fundiertes Fachwissen trage ich ma\u00dfgeblich zur St\u00e4rkung der technologischen Infrastruktur und zur Zukunftssicherung der IT-Landschaft bei.<\/p>\n<\/div>\n<\/div>\n<div id=\"info_block_with_icon_9af8d91c9b156366df7b61d4ed652b10\" class=\"info-block-w-icon\" data-color=\"#888\">\n<div class=\"ci-icon\"><\/div>\n<div class=\"ci-text\">\n<h4>Teamleiter<\/h4>\n<p>Als engagierter Teamleiter nutze ich meine ausgepr\u00e4gten F\u00fchrungsqualit\u00e4ten, um das Potenzial meines Teams voll zu entfalten und die Unternehmensziele erfolgreich umzusetzen. Ich schaffe ein motivierendes Arbeitsumfeld, in dem die individuellen St\u00e4rken und F\u00e4higkeiten jedes Teammitglieds optimal zur Geltung kommen. Die Bedeutung klarer Kommunikationswege ist mir bewusst, und ich setze sie gezielt ein, um Missverst\u00e4ndnisse zu vermeiden und die Teamharmonie zu f\u00f6rdern. Mein Ansatz in der Konfliktl\u00f6sung zielt darauf ab, eine positive und produktive Arbeitsatmosph\u00e4re zu erhalten und weiter zu st\u00e4rken.<\/p>\n<\/div>\n<\/div>\n<div id=\"info_block_with_icon_bd6945e15e4ad5b10872b0bf03c7fa17\" class=\"info-block-w-icon\" data-color=\"#888\">\n<div class=\"ci-icon\"><\/div>\n<div class=\"ci-text\">\n<h4>Testmanager<\/h4>\n<p>Als erfahrener Testmanager bringe ich tiefgehende Expertise in der Planung, Durchf\u00fchrung und \u00dcberwachung von Testprozessen ein, um Produkte und Dienstleistungen h\u00f6chster Qualit\u00e4t zu gew\u00e4hrleisten. Meine ausgepr\u00e4gten analytischen F\u00e4higkeiten und meine Detailgenauigkeit erm\u00f6glichen es mir, effiziente Teststrategien zu entwickeln und deren Umsetzung pr\u00e4zise zu steuern. Als Entrepreneur habe ich die kritische Bedeutung von umfassenden Tests erkannt, um fr\u00fchzeitig potenzielle Schwachstellen zu identifizieren und zu beheben. Diese F\u00e4higkeit, schnell und wirksam auf Herausforderungen zu reagieren, hat mich in meiner Karriere als Testmanager besonders ausgezeichnet. Mein tiefes Verst\u00e4ndnis f\u00fcr die Anforderungen der Gesch\u00e4ftswelt und die Bed\u00fcrfnisse unserer Kunden erm\u00f6glicht es mir, einen wertvollen Beitrag zur Qualit\u00e4tssicherung zu leisten und sicherzustellen, dass jedes Endprodukt unseren strengen Standards entspricht.<\/p>\n<\/div>\n<\/div>\n<\/div>\n<\/div>\n<\/div>\n<\/div>\n<\/div>\n<\/section>\n<p><!-- 32f4d9c5c03fcfd8878eb3a9f132af73 --><\/p>\n","protected":false},"excerpt":{"rendered":"<p>Meine T\u00e4tigkeit umfasst Entrepreneurship Als vision\u00e4rer Systemingenieur mit ausgepr\u00e4gtem unternehmerischem Denken bringe ich nicht nur technisches Know-how, sondern auch einen scharfen Sinn f\u00fcr Gesch\u00e4ftsprozesse mit. Meine St\u00e4rke liegt darin, komplexe gesch\u00e4ftliche Herausforderungen zu identifizieren und innovative L\u00f6sungen zu entwickeln, die nachweislich positive Ergebnisse erzielen. Mit einem klaren Blick f\u00fcr das gro\u00dfe Ganze entwerfe ich langfristige&#8230;<\/p>\n<p><a class=\"read-more\" href=\"https:\/\/rizwanprofile.rktechs.io\/stage\/\">Read More<\/a><\/p>\n","protected":false},"author":1,"featured_media":226,"parent":0,"menu_order":0,"comment_status":"closed","ping_status":"closed","template":"page-templates\/template-kerge-start-page.php","meta":{"footnotes":""},"class_list":["post-4","page","type-page","status-publish","has-post-thumbnail","hentry"],"_links":{"self":[{"href":"https:\/\/rizwanprofile.rktechs.io\/stage\/wp-json\/wp\/v2\/pages\/4","targetHints":{"allow":["GET"]}}],"collection":[{"href":"https:\/\/rizwanprofile.rktechs.io\/stage\/wp-json\/wp\/v2\/pages"}],"about":[{"href":"https:\/\/rizwanprofile.rktechs.io\/stage\/wp-json\/wp\/v2\/types\/page"}],"author":[{"embeddable":true,"href":"https:\/\/rizwanprofile.rktechs.io\/stage\/wp-json\/wp\/v2\/users\/1"}],"replies":[{"embeddable":true,"href":"https:\/\/rizwanprofile.rktechs.io\/stage\/wp-json\/wp\/v2\/comments?post=4"}],"version-history":[{"count":11,"href":"https:\/\/rizwanprofile.rktechs.io\/stage\/wp-json\/wp\/v2\/pages\/4\/revisions"}],"predecessor-version":[{"id":415,"href":"https:\/\/rizwanprofile.rktechs.io\/stage\/wp-json\/wp\/v2\/pages\/4\/revisions\/415"}],"wp:featuredmedia":[{"embeddable":true,"href":"https:\/\/rizwanprofile.rktechs.io\/stage\/wp-json\/wp\/v2\/media\/226"}],"wp:attachment":[{"href":"https:\/\/rizwanprofile.rktechs.io\/stage\/wp-json\/wp\/v2\/media?parent=4"}],"curies":[{"name":"wp","href":"https:\/\/api.w.org\/{rel}","templated":true}]}}